{"id":23,"date":"2020-03-22T08:52:10","date_gmt":"2020-03-22T11:52:10","guid":{"rendered":"http:\/\/patricksilveira.com.br\/portfolio\/?page_id=23"},"modified":"2023-10-31T16:23:55","modified_gmt":"2023-10-31T19:23:55","slug":"portfolio","status":"publish","type":"page","link":"https:\/\/patricksilveira.com.br\/portfolio\/","title":{"rendered":"Patrick Silveira Portfolio"},"content":{"rendered":"\n<h2 class=\"has-text-align-right\"><strong><meta charset=\"utf-8\">I help companies to identify, develop and market innovative solutions <\/strong><\/h2>\n\n\n\n<div class=\"wp-block-columns\">\n<div class=\"wp-block-column\" style=\"flex-basis:33.33%\"><\/div>\n\n\n\n<div class=\"wp-block-column\" style=\"flex-basis:66.66%\">\n<p class=\"has-text-align-right has-large-font-size\">I\u2019m a marketing and innovation project manager with 15 years of experience delivering results for companies and entrepreneurs.<\/p>\n\n\n\n<p class=\"has-text-align-right has-large-font-size\">I&#8217;m driven by a mix of curiosity, creativity and passion for optimization.<\/p>\n\n\n\n<p class=\"has-text-align-right has-accent-color has-text-color\"><strong><a href=\"http:\/\/www.linkedin.com\/in\/patricksilveira\">More about me<\/a><\/strong><\/p>\n\n\n\n<div class=\"wp-block-button alignright is-style-fill\"><a class=\"wp-block-button__link has-accent-background-color has-background\" href=\"\" target=\"_blank\" rel=\"noreferrer noopener\">Linkedin Profile <\/a><\/div>\n<\/div>\n<\/div>\n\n\n\n<div class=\"wp-block-cover alignfull is-light\" style=\"min-height:731px\"><span aria-hidden=\"true\" class=\"has-buttons-text-background-color has-background-dim-100 wp-block-cover__gradient-background has-background-dim\"><\/span><div class=\"wp-block-cover__inner-container\">\n<div class=\"wp-block-media-text alignwide has-media-on-the-right is-stacked-on-mobile\"><figure class=\"wp-block-media-text__media\"><img loading=\"lazy\" width=\"650\" height=\"364\" src=\"http:\/\/patricksilveira.com.br\/portfolio\/wp-content\/uploads\/2020\/04\/fatia2.png\" alt=\"\" class=\"wp-image-399 size-full\" srcset=\"https:\/\/patricksilveira.com.br\/portfolio\/wp-content\/uploads\/2020\/04\/fatia2.png 650w, https:\/\/patricksilveira.com.br\/portfolio\/wp-content\/uploads\/2020\/04\/fatia2-300x168.png 300w, https:\/\/patricksilveira.com.br\/portfolio\/wp-content\/uploads\/2020\/04\/fatia2-540x302.png 540w\" sizes=\"(max-width: 650px) 100vw, 650px\" \/><\/figure><div class=\"wp-block-media-text__content\">\n<h2 class=\"has-accent-color has-text-color\">How can I help your company?<\/h2>\n\n\n\n<p class=\"has-primary-color has-text-color\">I plan and execute projects in two areas:<\/p>\n\n\n\n<p class=\"has-primary-color has-text-color\"><strong>Innovation,<\/strong> using Design Thinking: product and service development, innovation training, ideation workshops, customer discovery, user research, digital transformation and customer journey.<br>&amp;<br><strong>Digital-focused Marketing<\/strong>: copywriting, sales, communication, product, brand and channel strategy. <\/p>\n\n\n\n<p>Industries I served: Healthcare, Education, Banking\/Fintech, Crypto, Tec<\/p>\n\n\n\n<p>, usando Design Thinking: desenvolvimento de produtos e servi\u00e7os, treinamento, workshops de idea\u00e7\u00e3o, customer discovery, user research, transforma\u00e7\u00e3o digital e customer journey.<br>&amp;<br>Marketing com foco em digital: estrat\u00e9gia de canais vendas, de comunica\u00e7\u00e3o, de produto, de marca e copywriting.<\/p>\n\n\n\n<p>Ind\u00fastrias que atuei: Healthcare, Educa\u00e7\u00e3o, Banking\/Fintech, Crypto, Tec<\/p>\n\n\n\n<p><\/p>\n<\/div><\/div>\n<\/div><\/div>\n\n\n\n<h4 class=\"has-text-align-center\">Projects done for<\/h4>\n\n\n\n<figure class=\"wp-block-image alignfull size-full is-style-default\"><img loading=\"lazy\" width=\"1440\" height=\"292\" src=\"http:\/\/patricksilveira.com.br\/portfolio\/wp-content\/uploads\/2020\/04\/logos-1.png\" alt=\"\" class=\"wp-image-394\" srcset=\"https:\/\/patricksilveira.com.br\/portfolio\/wp-content\/uploads\/2020\/04\/logos-1.png 1440w, https:\/\/patricksilveira.com.br\/portfolio\/wp-content\/uploads\/2020\/04\/logos-1-300x61.png 300w, https:\/\/patricksilveira.com.br\/portfolio\/wp-content\/uploads\/2020\/04\/logos-1-1024x208.png 1024w, https:\/\/patricksilveira.com.br\/portfolio\/wp-content\/uploads\/2020\/04\/logos-1-768x156.png 768w, https:\/\/patricksilveira.com.br\/portfolio\/wp-content\/uploads\/2020\/04\/logos-1-540x110.png 540w, https:\/\/patricksilveira.com.br\/portfolio\/wp-content\/uploads\/2020\/04\/logos-1-1080x219.png 1080w\" sizes=\"(max-width: 1440px) 100vw, 1440px\" \/><\/figure>\n\n\n\n<div class=\"wp-block-cover alignfull is-light\" style=\"min-height:144px\"><span aria-hidden=\"true\" class=\"has-background-background-color has-background-dim-100 wp-block-cover__gradient-background has-background-dim\"><\/span><div class=\"wp-block-cover__inner-container\">\n<h2 class=\"has-text-align-center has-accent-color has-text-color\">Featured <strong>projects<\/strong><\/h2>\n\n\n\n<p><\/p>\n<\/div><\/div>\n\n\n\n<div class=\"wp-block-columns\">\n<div class=\"wp-block-column\">\n<div class=\"wp-container-1 wp-block-group\"><div class=\"wp-block-group__inner-container\">\n<div class=\"wp-block-cover\"><span aria-hidden=\"true\" class=\"has-background-dim-70 wp-block-cover__gradient-background has-background-dim\" style=\"background-color:#000000\"><\/span><img loading=\"lazy\" width=\"1696\" height=\"2560\" class=\"wp-block-cover__image-background wp-image-142\" alt=\"\" src=\"http:\/\/patricksilveira.com.br\/portfolio\/wp-content\/uploads\/2020\/03\/abel-perez-jj8ldRbRpPw-unsplash-scaled.jpg\" data-object-fit=\"cover\" srcset=\"https:\/\/patricksilveira.com.br\/portfolio\/wp-content\/uploads\/2020\/03\/abel-perez-jj8ldRbRpPw-unsplash-scaled.jpg 1696w, https:\/\/patricksilveira.com.br\/portfolio\/wp-content\/uploads\/2020\/03\/abel-perez-jj8ldRbRpPw-unsplash-199x300.jpg 199w, https:\/\/patricksilveira.com.br\/portfolio\/wp-content\/uploads\/2020\/03\/abel-perez-jj8ldRbRpPw-unsplash-678x1024.jpg 678w, https:\/\/patricksilveira.com.br\/portfolio\/wp-content\/uploads\/2020\/03\/abel-perez-jj8ldRbRpPw-unsplash-768x1160.jpg 768w, https:\/\/patricksilveira.com.br\/portfolio\/wp-content\/uploads\/2020\/03\/abel-perez-jj8ldRbRpPw-unsplash-1017x1536.jpg 1017w, https:\/\/patricksilveira.com.br\/portfolio\/wp-content\/uploads\/2020\/03\/abel-perez-jj8ldRbRpPw-unsplash-1356x2048.jpg 1356w, https:\/\/patricksilveira.com.br\/portfolio\/wp-content\/uploads\/2020\/03\/abel-perez-jj8ldRbRpPw-unsplash-540x815.jpg 540w, https:\/\/patricksilveira.com.br\/portfolio\/wp-content\/uploads\/2020\/03\/abel-perez-jj8ldRbRpPw-unsplash-1080x1631.jpg 1080w, https:\/\/patricksilveira.com.br\/portfolio\/wp-content\/uploads\/2020\/03\/abel-perez-jj8ldRbRpPw-unsplash-1980x2989.jpg 1980w\" sizes=\"(max-width: 1696px) 100vw, 1696px\" \/><div class=\"wp-block-cover__inner-container\">\n<p class=\"has-text-align-center has-buttons-text-color has-text-color has-large-font-size\"><a href=\"http:\/\/patricksilveira.com.br\/portfolio\/business-bank\/\"><strong>How might we improve digital services and solutions for the business branch of a retail bank?<\/strong><\/a><\/p>\n<\/div><\/div>\n\n\n\n<p><strong>Area<\/strong>: Service Design, UX Research<br><strong>Client:<\/strong> nd<\/p>\n\n\n\n<p><strong><a href=\"http:\/\/patricksilveira.com.br\/portfolio\/business-bank\/\">Access the project &gt;&gt; <\/a><\/strong><\/p>\n<\/div><\/div>\n<\/div>\n\n\n\n<div class=\"wp-block-column\">\n<div class=\"wp-container-2 wp-block-group\"><div class=\"wp-block-group__inner-container\">\n<div class=\"wp-block-cover is-light\"><span aria-hidden=\"true\" class=\"wp-block-cover__gradient-background has-background-dim\" style=\"background-color:#000000\"><\/span><img loading=\"lazy\" width=\"300\" height=\"225\" class=\"wp-block-cover__image-background wp-image-228\" alt=\"\" src=\"http:\/\/patricksilveira.com.br\/portfolio\/wp-content\/uploads\/2020\/03\/image-asset-1.jpeg\" data-object-fit=\"cover\"\/><div class=\"wp-block-cover__inner-container\">\n<p class=\"has-large-font-size\"><strong><a href=\"http:\/\/patricksilveira.com.br\/portfolio\/xp-client-page\/\">How might we improve the user experience of the biggest investment brooker in Brazil?<\/a><\/strong><\/p>\n<\/div><\/div>\n\n\n\n<p><strong>Area:<\/strong> Design Research, Product Design, UX Design<br><strong>Client: <\/strong>XP Inc.<\/p>\n\n\n\n<p><strong><a href=\"http:\/\/patricksilveira.com.br\/portfolio\/xp-client-page\/\">Access the project &gt;&gt; <\/a><\/strong><\/p>\n<\/div><\/div>\n<\/div>\n<\/div>\n\n\n\n<div style=\"height:59px\" aria-hidden=\"true\" class=\"wp-block-spacer\"><\/div>\n\n\n\n<div class=\"wp-block-columns\">\n<div class=\"wp-block-column\">\n<div class=\"wp-container-3 wp-block-group\"><div class=\"wp-block-group__inner-container\">\n<div class=\"wp-block-cover is-light\"><span aria-hidden=\"true\" class=\"wp-block-cover__gradient-background has-background-dim\" style=\"background-color:#000000\"><\/span><img loading=\"lazy\" width=\"2560\" height=\"1920\" class=\"wp-block-cover__image-background wp-image-239\" alt=\"\" src=\"http:\/\/patricksilveira.com.br\/portfolio\/wp-content\/uploads\/2020\/03\/IMG_3585-scaled.jpeg\" data-object-fit=\"cover\" srcset=\"https:\/\/patricksilveira.com.br\/portfolio\/wp-content\/uploads\/2020\/03\/IMG_3585-scaled.jpeg 2560w, https:\/\/patricksilveira.com.br\/portfolio\/wp-content\/uploads\/2020\/03\/IMG_3585-300x225.jpeg 300w, https:\/\/patricksilveira.com.br\/portfolio\/wp-content\/uploads\/2020\/03\/IMG_3585-1024x768.jpeg 1024w, https:\/\/patricksilveira.com.br\/portfolio\/wp-content\/uploads\/2020\/03\/IMG_3585-768x576.jpeg 768w, https:\/\/patricksilveira.com.br\/portfolio\/wp-content\/uploads\/2020\/03\/IMG_3585-1536x1152.jpeg 1536w, https:\/\/patricksilveira.com.br\/portfolio\/wp-content\/uploads\/2020\/03\/IMG_3585-2048x1536.jpeg 2048w, https:\/\/patricksilveira.com.br\/portfolio\/wp-content\/uploads\/2020\/03\/IMG_3585-540x405.jpeg 540w, https:\/\/patricksilveira.com.br\/portfolio\/wp-content\/uploads\/2020\/03\/IMG_3585-1080x810.jpeg 1080w, https:\/\/patricksilveira.com.br\/portfolio\/wp-content\/uploads\/2020\/03\/IMG_3585-1980x1485.jpeg 1980w\" sizes=\"(max-width: 2560px) 100vw, 2560px\" \/><div class=\"wp-block-cover__inner-container\">\n<p class=\"has-text-align-center has-large-font-size\"><strong><a href=\"http:\/\/patricksilveira.com.br\/portfolio\/outform\/\">How might we implement a nation-wide technical support service for digital displays protecting our IP and with low cost? <\/a><\/strong><\/p>\n<\/div><\/div>\n\n\n\n<p><strong>Area:<\/strong> Service Design<br><strong>Client:<\/strong> Outform<\/p>\n\n\n\n<p><strong><a href=\"http:\/\/patricksilveira.com.br\/portfolio\/outform\/\">Access the project &gt;&gt;<\/a><\/strong><\/p>\n<\/div><\/div>\n<\/div>\n\n\n\n<div class=\"wp-block-column\">\n<div class=\"wp-container-4 wp-block-group\"><div class=\"wp-block-group__inner-container\">\n<div class=\"wp-block-cover is-light\"><span aria-hidden=\"true\" class=\"wp-block-cover__gradient-background has-background-dim\" style=\"background-color:#000000\"><\/span><img loading=\"lazy\" width=\"2000\" height=\"1500\" class=\"wp-block-cover__image-background wp-image-306\" alt=\"\" src=\"http:\/\/patricksilveira.com.br\/portfolio\/wp-content\/uploads\/2020\/03\/header_novaescola.jpg\" data-object-fit=\"cover\" srcset=\"https:\/\/patricksilveira.com.br\/portfolio\/wp-content\/uploads\/2020\/03\/header_novaescola.jpg 2000w, https:\/\/patricksilveira.com.br\/portfolio\/wp-content\/uploads\/2020\/03\/header_novaescola-300x225.jpg 300w, https:\/\/patricksilveira.com.br\/portfolio\/wp-content\/uploads\/2020\/03\/header_novaescola-1024x768.jpg 1024w, https:\/\/patricksilveira.com.br\/portfolio\/wp-content\/uploads\/2020\/03\/header_novaescola-768x576.jpg 768w, https:\/\/patricksilveira.com.br\/portfolio\/wp-content\/uploads\/2020\/03\/header_novaescola-1536x1152.jpg 1536w, https:\/\/patricksilveira.com.br\/portfolio\/wp-content\/uploads\/2020\/03\/header_novaescola-540x405.jpg 540w, https:\/\/patricksilveira.com.br\/portfolio\/wp-content\/uploads\/2020\/03\/header_novaescola-1080x810.jpg 1080w, https:\/\/patricksilveira.com.br\/portfolio\/wp-content\/uploads\/2020\/03\/header_novaescola-1980x1485.jpg 1980w\" sizes=\"(max-width: 2000px) 100vw, 2000px\" \/><div class=\"wp-block-cover__inner-container\">\n<p class=\"has-text-align-center has-large-font-size\"><strong><a href=\"http:\/\/patricksilveira.com.br\/portfolio\/nova-escola\/\">How might we help public service teachers in Brazil?  <\/a><\/strong><\/p>\n<\/div><\/div>\n\n\n\n<p><strong>Area:<\/strong> Service Design, UX Design<br><strong>Client: <\/strong>Associa\u00e7\u00e3o Nova Escola<\/p>\n\n\n\n<p><strong><a href=\"http:\/\/patricksilveira.com.br\/portfolio\/nova-escola\/\">Access the project &gt;&gt;<\/a><\/strong><\/p>\n<\/div><\/div>\n<\/div>\n<\/div>\n\n\n\n<div class=\"wp-container-5 wp-block-group\"><div class=\"wp-block-group__inner-container\">\n<div style=\"height:50px\" aria-hidden=\"true\" class=\"wp-block-spacer\"><\/div>\n<\/div><\/div>\n\n\n\n<div class=\"wp-block-cover\" style=\"min-height:391px\"><span aria-hidden=\"true\" class=\"has-accent-background-color has-background-dim-100 wp-block-cover__gradient-background has-background-dim\"><\/span><div class=\"wp-block-cover__inner-container\">\n<p class=\"has-text-align-center has-large-font-size\"><strong><a href=\"http:\/\/patricksilveira.com.br\/portfolio\/old-projects-and-files\/\">Old Projects and files<\/a><\/strong><\/p>\n<\/div><\/div>\n\n\n\n<div class=\"wp-block-cover\" style=\"min-height:391px\"><span aria-hidden=\"true\" class=\"has-primary-background-color has-background-dim-100 wp-block-cover__gradient-background has-background-dim\"><\/span><div class=\"wp-block-cover__inner-container\">\n<p class=\"has-text-align-center has-large-font-size\"><strong><a href=\"http:\/\/patricksilveira.com.br\/\">Blog<\/a><\/strong><\/p>\n<\/div><\/div>\n\n\n\n<div style=\"height:200px\" aria-hidden=\"true\" class=\"wp-block-spacer\"><\/div>\n\n\n\n<div class=\"wp-block-columns sendMessage\">\n<div class=\"wp-block-column\" style=\"flex-basis:66.66%\">\n<h4 id=\"message\">Do you have a business or product challenge? <\/h4>\n\n\n\n<p>I love challenges. So let me know how can I help you. <\/p>\n<\/div>\n\n\n\n<div class=\"wp-block-column\" style=\"flex-basis:33.33%\">\n<p>Skype: patrick.silveira<\/p>\n\n\n\n<p>Email: <a href=\"mailto:patrickds@gmail.com?subject=&quot;Portfolio&quot;\">patrickds@gmail.com<\/a><\/p>\n<\/div>\n<\/div>\n\n\n\n<div class=\"wp-block-columns\">\n<div class=\"wp-block-column\" style=\"flex-basis:66.66%\"><\/div>\n\n\n\n<div class=\"wp-block-column\" style=\"flex-basis:33.33%\"><\/div>\n<\/div>\n","protected":false},"excerpt":{"rendered":"<p>I help companies to identify, develop and market innovative solutions I\u2019m a marketing and innovation project manager with 15 years of experience delivering results for companies and entrepreneurs.&hellip;<\/p>\n","protected":false},"author":1,"featured_media":0,"parent":0,"menu_order":0,"comment_status":"closed","ping_status":"closed","template":"template-full-width.php","meta":[],"_links":{"self":[{"href":"https:\/\/patricksilveira.com.br\/portfolio\/wp-json\/wp\/v2\/pages\/23"}],"collection":[{"href":"https:\/\/patricksilveira.com.br\/portfolio\/wp-json\/wp\/v2\/pages"}],"about":[{"href":"https:\/\/patricksilveira.com.br\/portfolio\/wp-json\/wp\/v2\/types\/page"}],"author":[{"embeddable":true,"href":"https:\/\/patricksilveira.com.br\/portfolio\/wp-json\/wp\/v2\/users\/1"}],"replies":[{"embeddable":true,"href":"https:\/\/patricksilveira.com.br\/portfolio\/wp-json\/wp\/v2\/comments?post=23"}],"version-history":[{"count":90,"href":"https:\/\/patricksilveira.com.br\/portfolio\/wp-json\/wp\/v2\/pages\/23\/revisions"}],"predecessor-version":[{"id":474,"href":"https:\/\/patricksilveira.com.br\/portfolio\/wp-json\/wp\/v2\/pages\/23\/revisions\/474"}],"wp:attachment":[{"href":"https:\/\/patricksilveira.com.br\/portfolio\/wp-json\/wp\/v2\/media?parent=23"}],"curies":[{"name":"wp","href":"https:\/\/api.w.org\/{rel}","templated":true}]}}